{"id":2420,"date":"2023-12-06T16:32:11","date_gmt":"2023-12-06T16:32:11","guid":{"rendered":"https:\/\/www.nikolausberg.com\/?page_id=2420"},"modified":"2024-10-02T12:22:02","modified_gmt":"2024-10-02T12:22:02","slug":"colophon","status":"publish","type":"page","link":"https:\/\/www.nikolausberg.com\/it\/colophon\/","title":{"rendered":"Colophon"},"content":{"rendered":"\t\t<div data-elementor-type=\"wp-page\" data-elementor-id=\"2420\" class=\"elementor elementor-2420 elementor-36\" data-elementor-post-type=\"page\">\n\t\t\t\t<div class=\"elementor-element elementor-element-2f9e5c97 e-con-full e-flex e-con e-parent\" data-id=\"2f9e5c97\" data-element_type=\"container\">\n\t\t\t\t<div class=\"elementor-element elementor-element-28eb1583 elementor-pagination-position-inside paginierungrechts elementor-skin-carousel elementor-arrows-yes elementor-pagination-type-bullets elementor-widget elementor-widget-media-carousel\" data-id=\"28eb1583\" data-element_type=\"widget\" data-settings=\"{&quot;slides_per_view&quot;:&quot;1&quot;,&quot;slides_per_view_widescreen&quot;:&quot;1&quot;,&quot;slides_per_view_laptop&quot;:&quot;1&quot;,&quot;slides_per_view_tablet_extra&quot;:&quot;1&quot;,&quot;slides_per_view_tablet&quot;:&quot;1&quot;,&quot;slides_per_view_mobile_extra&quot;:&quot;1&quot;,&quot;skin&quot;:&quot;carousel&quot;,&quot;effect&quot;:&quot;slide&quot;,&quot;show_arrows&quot;:&quot;yes&quot;,&quot;pagination&quot;:&quot;bullets&quot;,&quot;speed&quot;:500,&quot;autoplay&quot;:&quot;yes&quot;,&quot;autoplay_speed&quot;:5000,&quot;loop&quot;:&quot;yes&quot;,&quot;pause_on_hover&quot;:&quot;yes&quot;,&quot;pause_on_interaction&quot;:&quot;yes&quot;,&quot;space_between&quot;:{&quot;unit&quot;:&quot;px&quot;,&quot;size&quot;:10,&quot;sizes&quot;:[]},&quot;space_between_widescreen&quot;:{&quot;unit&quot;:&quot;px&quot;,&quot;size&quot;:10,&quot;sizes&quot;:[]},&quot;space_between_laptop&quot;:{&quot;unit&quot;:&quot;px&quot;,&quot;size&quot;:10,&quot;sizes&quot;:[]},&quot;space_between_tablet_extra&quot;:{&quot;unit&quot;:&quot;px&quot;,&quot;size&quot;:10,&quot;sizes&quot;:[]},&quot;space_between_tablet&quot;:{&quot;unit&quot;:&quot;px&quot;,&quot;size&quot;:10,&quot;sizes&quot;:[]},&quot;space_between_mobile_extra&quot;:{&quot;unit&quot;:&quot;px&quot;,&quot;size&quot;:10,&quot;sizes&quot;:[]},&quot;space_between_mobile&quot;:{&quot;unit&quot;:&quot;px&quot;,&quot;size&quot;:10,&quot;sizes&quot;:[]}}\" data-widget_type=\"media-carousel.default\">\n\t\t\t\t<div class=\"elementor-widget-container\">\n\t\t\t<link rel=\"stylesheet\" href=\"https:\/\/www.nikolausberg.com\/wp-content\/plugins\/elementor-pro\/assets\/css\/widget-carousel.min.css?ver=1723120305\">\t\t<div class=\"elementor-swiper\">\n\t\t\t<div class=\"elementor-main-swiper swiper\">\n\t\t\t\t<div class=\"swiper-wrapper\">\n\t\t\t\t\t\t\t\t\t\t\t<div class=\"swiper-slide\">\n\t\t\t\t\t\t\t\t\t<div class=\"elementor-carousel-image\" role=\"img\" aria-label=\"2020_Thomas Monsorno_Herbst Weinstra\u251c\u0192e_highres-2-6 (1)\" style=\"background-image: url(&#039;https:\/\/www.nikolausberg.com\/wp-content\/uploads\/2023\/12\/2020_Thomas-Monsorno_Herbst-Weinstra\u251c\u0192e_highres-2-6-1.jpg&#039;)\">\n\n\t\t\t\n\t\t\t\t\t<\/div>\n\t\t\t\t\t\t\t\t<\/div>\n\t\t\t\t\t\t\t\t\t<\/div>\n\t\t\t\t\t\t\t<\/div>\n\t\t<\/div>\n\t\t\t\t<\/div>\n\t\t\t\t<\/div>\n\t\t\t\t<\/div>\n\t\t<div class=\"elementor-element elementor-element-5ee779e3 e-con-full animated-slow e-flex elementor-invisible e-con e-parent\" data-id=\"5ee779e3\" data-element_type=\"container\" data-settings=\"{&quot;animation&quot;:&quot;fadeIn&quot;}\">\n\t\t<div class=\"elementor-element elementor-element-61c46053 e-con-full e-flex e-con e-child\" data-id=\"61c46053\" data-element_type=\"container\">\n\t\t\t\t<div class=\"elementor-element elementor-element-40ca430 elementor-widget elementor-widget-heading\" data-id=\"40ca430\" data-element_type=\"widget\" data-widget_type=\"heading.default\">\n\t\t\t\t<div class=\"elementor-widget-container\">\n\t\t\t<style>\/*! elementor - v3.23.0 - 05-08-2024 *\/\n.elementor-heading-title{padding:0;margin:0;line-height:1}.elementor-widget-heading .elementor-heading-title[class*=elementor-size-]>a{color:inherit;font-size:inherit;line-height:inherit}.elementor-widget-heading .elementor-heading-title.elementor-size-small{font-size:15px}.elementor-widget-heading .elementor-heading-title.elementor-size-medium{font-size:19px}.elementor-widget-heading .elementor-heading-title.elementor-size-large{font-size:29px}.elementor-widget-heading .elementor-heading-title.elementor-size-xl{font-size:39px}.elementor-widget-heading .elementor-heading-title.elementor-size-xxl{font-size:59px}<\/style><h1 class=\"elementor-heading-title elementor-size-default\">Colophon<\/h1>\t\t<\/div>\n\t\t\t\t<\/div>\n\t\t\t\t<\/div>\n\t\t\t\t<\/div>\n\t\t<div class=\"elementor-element elementor-element-3c9edf83 e-con-full animated-slow e-flex elementor-invisible e-con e-parent\" data-id=\"3c9edf83\" data-element_type=\"container\" data-settings=\"{&quot;animation&quot;:&quot;fadeIn&quot;,&quot;animation_widescreen&quot;:&quot;fadeIn&quot;}\">\n\t\t<div class=\"elementor-element elementor-element-38e5c613 e-con-full goldlink e-flex e-con e-child\" data-id=\"38e5c613\" data-element_type=\"container\">\n\t\t\t\t<div class=\"elementor-element elementor-element-48a667e elementor-widget elementor-widget-text-editor\" data-id=\"48a667e\" data-element_type=\"widget\" data-widget_type=\"text-editor.default\">\n\t\t\t\t<div class=\"elementor-widget-container\">\n\t\t\t<style>\/*! elementor - v3.23.0 - 05-08-2024 *\/\n.elementor-widget-text-editor.elementor-drop-cap-view-stacked .elementor-drop-cap{background-color:#69727d;color:#fff}.elementor-widget-text-editor.elementor-drop-cap-view-framed .elementor-drop-cap{color:#69727d;border:3px solid;background-color:transparent}.elementor-widget-text-editor:not(.elementor-drop-cap-view-default) .elementor-drop-cap{margin-top:8px}.elementor-widget-text-editor:not(.elementor-drop-cap-view-default) .elementor-drop-cap-letter{width:1em;height:1em}.elementor-widget-text-editor .elementor-drop-cap{float:left;text-align:center;line-height:1;font-size:50px}.elementor-widget-text-editor .elementor-drop-cap-letter{display:inline-block}<\/style>\t\t\t\t<p>Nikolausberg di Rainer Lukas<br \/>Kalterer Hoehe 2\/A<br \/>39052 Caldaro (BZ)<\/p><p><a href=\"call:393343454184\" rel=\"\">+39 334 3454184<\/a><br \/><a href=\"mailto:info@nikolausberg.com\" target=\"_blank\" rel=\"nofollow noopener\">info@nikolausberg.com<\/a><br \/>PEC Mail<br \/>Codice destinatario: 7035UR5<br \/>CIN: IT021015B5ZOM8GBXE\u00a0<br \/><a href=\"https:\/\/www.nikolausberg.com\">www.nikolausberg.com<\/a><br \/>P.IVA IT02366550214<br \/>Cod.Fisc. RNRLKS81C20A952P<\/p><p>Camera di commercio: Bolzano<br \/>Numero iscrizione camera di commercio: RNRLKS81C20A952P<br \/>Numero REA: BZ &#8211; 173825<\/p><p><strong>Copyright per le immagini e grafiche utilizzate:<\/strong><\/p><p>[1] inkl. beschr\u00e4nktes kommerzielles Nutzungsrecht des Bildmaterials f\u00fcr die direkte Verwendung vom HOF IM GARTEN (Auftraggeber) in allen Medien (z. B. Presse, Internet, soziale Medien, Kommunikation, Print) weltweit und auf unbestimmte Zeit, unabh\u00e4ngig von Gr\u00f6\u00dfe, Auflage und Sprache. Das bereitgestellte Bildmaterial ist in jedem Fall mit dem Urhebernachweis (Fotocredit): \u201e\u00a9 Argento Artistry.\u201c zu verwenden. Geringe Anpassungen vom \u201eLook\u201c (Farben und Kontraste) sind nach R\u00fccksprache gestattet. Die Weitergabe an Dritte (Zweitnutzung) ist ausgeschlossen. Es liegt kein Exklusivrecht sowie CC0-Recht vor;<\/p><p>Argento Artistry. Santifaller Stefan Steuer- und Eintragungs-Nr. beim HR Bozen: SNTSFN97E08B160R MwSt.\u2013Nr.: 03200480212 Albeins, Dorfgasse 10 \u2022 I-39042 Brixen (+39) 327 779 5234 info@argento-artistry.com www.argento-artistry.com<\/p><p>IDM S\u00fcdtirol-Alto Adige\/Manuel Ferrigato<br \/>IDM S\u00fcdtirol-Alto Adige\/Benjamin Pfitscher<br \/>IDM S\u00fcdtirol-Alto Adige\/Alex Filz<br \/>IDM\/S\u00fcdtirol Wein\/Tiberio Sorvillo<br \/>IDM S\u00fcdtirol-Alto Adige\/Alex Moling<br \/>IDM S\u00fcdtirol-Alto Adige\/Andreas Mierswa<br \/>IDM S\u00fcdtirol-Alto Adige\/Ivan Bortondello<br \/>IDM S\u00fcdtirol-Alto Adige\/Thomas Monsorno<br \/>Eurac Research_Mobster_Luca Meneghel<\/p><p>Tourismusverein Kaltern &#8211; zulupictures<br \/>Tourismusverein Kaltern &#8211; Helmuth Rier<br \/>Tourismusverein Kaltern &#8211; Manfred Pernthaler<br \/>Tourismusverein Kaltern &#8211; Fabian Call<br \/>Tourismusverein Kaltern &#8211; Mirko Strozzega<\/p><p><a href=\"https:\/\/www.freepik.com\/free-ai-image\/side-view-kid-holding-horse_81429831.htm#fromView=search&amp;term=reiten+kinder&amp;page=1&amp;position=11&amp;track=ais_ai_generated&amp;regularType=ai&amp;uuid=1d8f5617-5246-4ced-b96c-74820ea4149f\">Image By freepik<\/a><br \/><a href=\"https:\/\/www.freepik.com\/free-photo\/time-relaxing-sauna_10708217.htm#query=sauna&amp;position=2&amp;from_view=search&amp;track=sph&amp;uuid=d19565bd-ae59-437f-962d-b8701d343557\">Image by gpointstudio<\/a> on Freepik<br \/>Image by <a href=\"https:\/\/www.freepik.com\/free-photo\/front-view-raspberry-jam-jar_10889908.htm#query=marmeladeglas&amp;position=29&amp;from_view=search&amp;track=ais&amp;uuid=492704d1-0376-44d9-a704-a5b796739a86\">Freepik<\/a><br \/><a href=\"https:\/\/www.freepik.com\/free-ai-image\/close-up-kitten-standing-rock_65582902.htm#query=cat&amp;position=10&amp;from_view=search&amp;track=sph&amp;uuid=ad5cf039-b9bc-4a3a-8528-93f4c3c50f86\">Image By freepik<\/a><br \/><a href=\"https:\/\/www.pexels.com\/de-de\/foto\/baby-tragt-grunes-kleid-o-2253892\/\">https:\/\/www.pexels.com\/de-de\/foto\/baby-tragt-grunes-kleid-o-2253892\/<\/a><br \/><a href=\"https:\/\/pixabay.com\/de\/photos\/radischen-rot-frisch-gem%C3%BCsegarten-1379656\/\">Radischen Rot Frisch &#8211; Kostenloses Foto auf Pixabay<\/a><br \/><a href=\"https:\/\/www.pexels.com\/de-de\/foto\/pflanze-blatter-blume-reflektierung-18954671\/\">Foto von Tubanur Dogan auf Pexels<\/a><span style=\"color: #212121;\">\u00a0<br \/><\/span><a href=\"https:\/\/www.pexels.com\/de-de\/suche\/kleinkind\/\">https:\/\/www.pexels.com\/de-de\/suche\/kleinkind\/<\/a><br \/><a href=\"https:\/\/pixabay.com\/de\/photos\/feuer-holz-brennen-w%C3%A4rme-hei%C3%9F-5240416\/\">Feuer Holz Brennen &#8211; Kostenloses Foto auf Pixabay<\/a><br \/><a href=\"https:\/\/www.pexels.com\/de-de\/foto\/flacher-fokus-von-lila-blumen-533297\/\">Foto von Pixabay auf Pexels<\/a><br \/><a href=\"https:\/\/www.pexels.com\/photo\/close-up-shot-of-french-hydrangea-14014329\/\">https:\/\/www.pexels.com\/photo\/close-up-shot-of-french-hydrangea-14014329\/<\/a><br \/><a href=\"https:\/\/www.pexels.com\/de-de\/foto\/natur-pflanzen-frisch-dunn-12735120\/\">https:\/\/www.pexels.com\/de-de\/foto\/natur-pflanzen-frisch-dunn-12735120\/<\/a><br \/><a href=\"https:\/\/pixabay.com\/de\/photos\/fu%C3%9F-wasser-fluss-bachlauf-natur-2616858\/\">Fu\u00df Wasser Fluss &#8211; Kostenloses Foto auf Pixabay<\/a><\/p><p><strong>Risoluzione delle controversie<\/strong><\/p><p>Informazioni obbligatorie ai sensi del Regolamento UE n. 524\/2013 del Parlamento e Consiglio europeo. Piattaforma per la risoluzione online delle controversie (ODR) della Commissione europea: <a href=\"https:\/\/ec.europa.eu\/consumers\/odr\/main\/?event=main.trader.register\">https:\/\/ec.europa.eu\/consumers\/odr\/main\/?event=main.trader.register<\/a><\/p><p><strong>Concetto e realizzazione<\/strong><\/p><p>muwit d. sandra stablum<br \/>Citt\u00e1 Alta 60<br \/>39043 Chiusa<br \/>Tel. +39 347 1330206<br \/>Part. IVA 02730810211<br \/>Cod. fisc. STB SDR 88 A44 B160 S<\/p><p><a href=\"mailto:info@muwit.it\">info@muwit.it<\/a><br \/><a href=\"http:\/\/www.muwit.it\/\">www.muwit.it<\/a><\/p><p><strong>Responsabile per il contenuto:<\/strong><\/p><p>Rainer Lukas<br \/>Gantioler Maria<\/p><p><strong>Dichiarazione liberatoria:<\/strong><\/p><p><strong>Responsabilit\u00e0 per i contenuti<\/strong><\/p><p>I contenuti delle nostre pagine sono stati redatti, elaborati e controllati scrupolosamente. Tuttavia, non ci assumiamo nessuna responsabilit\u00e0 per la correttezza, qualit\u00e0, completezza e attualit\u00e0 dei contenuti, poich\u00e9 non \u00e8 da escludere che siano cambiati nel tempo. Come prestatori di servizi siamo responsabili per i contenuti di queste pagine in base alla normativa vigente. Nella nostra qualit\u00e0 di prestatori di servizi non siamo per\u00f2 obbligati a controllare l\u2019esattezza di informazioni ricevute o salvate da terzi, o a controllare se sussistano irregolarit\u00e0 che indichino un\u2019attivit\u00e0 illegale. L\u2019obbligo di rimuovere o bloccare l\u2019utilizzo di informazioni secondo la normativa vigente rimane valido. L\u2019assunzione di tale responsabilit\u00e0 \u00e8 tuttavia possibile solamente dopo il momento dell\u2019effettivo riconoscimento da parte nostra di una concreta violazione di diritto. Alla presa d\u2019atto di tali violazioni di legge provvederemo immediatamente alla rimozione dei contenuti in questione.<\/p><p>Si escludono di principio le rivendicazioni di responsabilit\u00e0 di qualsiasi tipo causate dall\u2019utilizzo di informazioni messe a disposizione, oppure da informazioni errate e\/o incomplete.<\/p><p><strong>Responsabilit\u00e0 per i link<\/strong><\/p><p>La nostra offerta contiene dei collegamenti ipertestuali con siti web esterni di terzi, sui cui contenuti non possiamo influire. Per questo motivo non forniamo nessuna garanzia sui contenuti dei siti web linkati, indipendentemente dal tipo e dalla natura. Ne \u00e8 responsabile solamente il relativo proprietario o gestore del sito. Un controllo permanente dei contenuti dei siti linkati al presente non \u00e8 fattibile senza concreti punti di riferimento. All\u2019avvenuta conoscenza d\u2019infrazioni contro la legge causate dai siti web linkati, i link in questione saranno subito rimossi.<\/p><p><strong>Copyright<\/strong><\/p><p>Tutti i contenuti e le opere creati dal web designer e dai gestori del sito sono protetti da copyright. La riproduzione, l\u2019alterazione, la distribuzione e qualsiasi forma di utilizzo, soprattutto per scopi commerciali, al di fuori dei limiti del diritto d\u2019autore, sono severamente vietate e ammesse esclusivamente previa autorizzazione scritta del relativo autore o creatore. Nel caso i contenuti di questa pagina non siano stati creati dal gestore, sono da rispettare i diritti di copyright di terzi. I contenuti redatti da terzi sono contrassegnati come tali. In caso doveste notare una violazione del copyright, vi preghiamo gentilmente di farci pervenire un\u2019apposita segnalazione. All\u2019atto di presa di conoscenza di tali violazioni di legge, i contenuti in questione saranno naturalmente rimossi subito, senza per\u00f2 assumerne nessuna responsabilit\u00e0.<\/p>\t\t\t\t\t\t<\/div>\n\t\t\t\t<\/div>\n\t\t\t\t<\/div>\n\t\t\t\t<\/div>\n\t\t\t\t<\/div>\n\t\t","protected":false},"excerpt":{"rendered":"<p>Colophon Nikolausberg di Rainer LukasKalterer Hoehe 2\/A39052 Caldaro (BZ) +39 334 3454184info@nikolausberg.comPEC MailCodice destinatario: 7035UR5CIN: IT021015B5ZOM8GBXE\u00a0www.nikolausberg.comP.IVA IT02366550214Cod.Fisc. RNRLKS81C20A952P Camera di commercio: BolzanoNumero iscrizione camera di commercio: RNRLKS81C20A952PNumero REA: BZ &#8211; 173825 Copyright per le immagini e grafiche utilizzate: [1] inkl. beschr\u00e4nktes kommerzielles Nutzungsrecht des Bildmaterials f\u00fcr die direkte Verwendung vom HOF IM GARTEN (Auftraggeber) in [&hellip;]<\/p>\n","protected":false},"author":1,"featured_media":0,"parent":0,"menu_order":0,"comment_status":"closed","ping_status":"closed","template":"","meta":{"footnotes":""},"class_list":["post-2420","page","type-page","status-publish","hentry"],"yoast_head":"<!-- This site is optimized with the Yoast SEO plugin v23.2 - https:\/\/yoast.com\/wordpress\/plugins\/seo\/ -->\n<title>Colophon - Nikolausberg<\/title>\n<meta name=\"description\" content=\"Colophon\" \/>\n<meta name=\"robots\" content=\"noindex, follow\" \/>\n<meta property=\"og:locale\" content=\"it_IT\" \/>\n<meta property=\"og:type\" content=\"article\" \/>\n<meta property=\"og:title\" content=\"Colophon - Nikolausberg\" \/>\n<meta property=\"og:description\" content=\"Colophon\" \/>\n<meta property=\"og:url\" content=\"https:\/\/www.nikolausberg.com\/it\/colophon\/\" \/>\n<meta property=\"og:site_name\" content=\"Nikolausberg\" \/>\n<meta property=\"article:modified_time\" content=\"2024-10-02T12:22:02+00:00\" \/>\n<meta name=\"twitter:card\" content=\"summary_large_image\" \/>\n<meta name=\"twitter:label1\" content=\"Tempo di lettura stimato\" \/>\n\t<meta name=\"twitter:data1\" content=\"4 minuti\" \/>\n<script type=\"application\/ld+json\" class=\"yoast-schema-graph\">{\"@context\":\"https:\/\/schema.org\",\"@graph\":[{\"@type\":\"WebPage\",\"@id\":\"https:\/\/www.nikolausberg.com\/it\/colophon\/\",\"url\":\"https:\/\/www.nikolausberg.com\/it\/colophon\/\",\"name\":\"Colophon - Nikolausberg\",\"isPartOf\":{\"@id\":\"https:\/\/www.nikolausberg.com\/it\/#website\"},\"datePublished\":\"2023-12-06T16:32:11+00:00\",\"dateModified\":\"2024-10-02T12:22:02+00:00\",\"description\":\"Colophon\",\"breadcrumb\":{\"@id\":\"https:\/\/www.nikolausberg.com\/it\/colophon\/#breadcrumb\"},\"inLanguage\":\"it-IT\",\"potentialAction\":[{\"@type\":\"ReadAction\",\"target\":[\"https:\/\/www.nikolausberg.com\/it\/colophon\/\"]}]},{\"@type\":\"BreadcrumbList\",\"@id\":\"https:\/\/www.nikolausberg.com\/it\/colophon\/#breadcrumb\",\"itemListElement\":[{\"@type\":\"ListItem\",\"position\":1,\"name\":\"Startseite\",\"item\":\"https:\/\/www.nikolausberg.com\/it\/un-luogo-da-vivere\/\"},{\"@type\":\"ListItem\",\"position\":2,\"name\":\"Colophon\"}]},{\"@type\":\"WebSite\",\"@id\":\"https:\/\/www.nikolausberg.com\/it\/#website\",\"url\":\"https:\/\/www.nikolausberg.com\/it\/\",\"name\":\"Nikolausberg\",\"description\":\"\",\"publisher\":{\"@id\":\"https:\/\/www.nikolausberg.com\/it\/#organization\"},\"potentialAction\":[{\"@type\":\"SearchAction\",\"target\":{\"@type\":\"EntryPoint\",\"urlTemplate\":\"https:\/\/www.nikolausberg.com\/it\/?s={search_term_string}\"},\"query-input\":\"required name=search_term_string\"}],\"inLanguage\":\"it-IT\"},{\"@type\":\"Organization\",\"@id\":\"https:\/\/www.nikolausberg.com\/it\/#organization\",\"name\":\"Nikolausberg\",\"url\":\"https:\/\/www.nikolausberg.com\/it\/\",\"logo\":{\"@type\":\"ImageObject\",\"inLanguage\":\"it-IT\",\"@id\":\"https:\/\/www.nikolausberg.com\/it\/#\/schema\/logo\/image\/\",\"url\":\"https:\/\/www.nikolausberg.com\/wp-content\/uploads\/2023\/12\/Logo_Nikolausberg.svg\",\"contentUrl\":\"https:\/\/www.nikolausberg.com\/wp-content\/uploads\/2023\/12\/Logo_Nikolausberg.svg\",\"width\":170,\"height\":93,\"caption\":\"Nikolausberg\"},\"image\":{\"@id\":\"https:\/\/www.nikolausberg.com\/it\/#\/schema\/logo\/image\/\"}}]}<\/script>\n<!-- \/ Yoast SEO plugin. -->","yoast_head_json":{"title":"Colophon - Nikolausberg","description":"Colophon","robots":{"index":"noindex","follow":"follow"},"og_locale":"it_IT","og_type":"article","og_title":"Colophon - Nikolausberg","og_description":"Colophon","og_url":"https:\/\/www.nikolausberg.com\/it\/colophon\/","og_site_name":"Nikolausberg","article_modified_time":"2024-10-02T12:22:02+00:00","twitter_card":"summary_large_image","twitter_misc":{"Tempo di lettura stimato":"4 minuti"},"schema":{"@context":"https:\/\/schema.org","@graph":[{"@type":"WebPage","@id":"https:\/\/www.nikolausberg.com\/it\/colophon\/","url":"https:\/\/www.nikolausberg.com\/it\/colophon\/","name":"Colophon - Nikolausberg","isPartOf":{"@id":"https:\/\/www.nikolausberg.com\/it\/#website"},"datePublished":"2023-12-06T16:32:11+00:00","dateModified":"2024-10-02T12:22:02+00:00","description":"Colophon","breadcrumb":{"@id":"https:\/\/www.nikolausberg.com\/it\/colophon\/#breadcrumb"},"inLanguage":"it-IT","potentialAction":[{"@type":"ReadAction","target":["https:\/\/www.nikolausberg.com\/it\/colophon\/"]}]},{"@type":"BreadcrumbList","@id":"https:\/\/www.nikolausberg.com\/it\/colophon\/#breadcrumb","itemListElement":[{"@type":"ListItem","position":1,"name":"Startseite","item":"https:\/\/www.nikolausberg.com\/it\/un-luogo-da-vivere\/"},{"@type":"ListItem","position":2,"name":"Colophon"}]},{"@type":"WebSite","@id":"https:\/\/www.nikolausberg.com\/it\/#website","url":"https:\/\/www.nikolausberg.com\/it\/","name":"Nikolausberg","description":"","publisher":{"@id":"https:\/\/www.nikolausberg.com\/it\/#organization"},"potentialAction":[{"@type":"SearchAction","target":{"@type":"EntryPoint","urlTemplate":"https:\/\/www.nikolausberg.com\/it\/?s={search_term_string}"},"query-input":"required name=search_term_string"}],"inLanguage":"it-IT"},{"@type":"Organization","@id":"https:\/\/www.nikolausberg.com\/it\/#organization","name":"Nikolausberg","url":"https:\/\/www.nikolausberg.com\/it\/","logo":{"@type":"ImageObject","inLanguage":"it-IT","@id":"https:\/\/www.nikolausberg.com\/it\/#\/schema\/logo\/image\/","url":"https:\/\/www.nikolausberg.com\/wp-content\/uploads\/2023\/12\/Logo_Nikolausberg.svg","contentUrl":"https:\/\/www.nikolausberg.com\/wp-content\/uploads\/2023\/12\/Logo_Nikolausberg.svg","width":170,"height":93,"caption":"Nikolausberg"},"image":{"@id":"https:\/\/www.nikolausberg.com\/it\/#\/schema\/logo\/image\/"}}]}},"_links":{"self":[{"href":"https:\/\/www.nikolausberg.com\/it\/wp-json\/wp\/v2\/pages\/2420"}],"collection":[{"href":"https:\/\/www.nikolausberg.com\/it\/wp-json\/wp\/v2\/pages"}],"about":[{"href":"https:\/\/www.nikolausberg.com\/it\/wp-json\/wp\/v2\/types\/page"}],"author":[{"embeddable":true,"href":"https:\/\/www.nikolausberg.com\/it\/wp-json\/wp\/v2\/users\/1"}],"replies":[{"embeddable":true,"href":"https:\/\/www.nikolausberg.com\/it\/wp-json\/wp\/v2\/comments?post=2420"}],"version-history":[{"count":14,"href":"https:\/\/www.nikolausberg.com\/it\/wp-json\/wp\/v2\/pages\/2420\/revisions"}],"predecessor-version":[{"id":3283,"href":"https:\/\/www.nikolausberg.com\/it\/wp-json\/wp\/v2\/pages\/2420\/revisions\/3283"}],"wp:attachment":[{"href":"https:\/\/www.nikolausberg.com\/it\/wp-json\/wp\/v2\/media?parent=2420"}],"curies":[{"name":"wp","href":"https:\/\/api.w.org\/{rel}","templated":true}]}}